                                                                                                                                                                                                                                                                                                                                                                                                                                         {"id":222,"date":"2016-12-26T06:27:42","date_gmt":"2016-12-26T06:27:42","guid":{"rendered":"https:\/\/raratheme.com\/preview\/lawyer-landing-page\/?page_id=5"},"modified":"2021-02-22T21:23:25","modified_gmt":"2021-02-22T21:23:25","slug":"home","status":"publish","type":"page","link":"https:\/\/mipatrimoniofamiliar.com\/","title":{"rendered":"UN BUEN DOMINIO, SU MEJOR INVERSI\u00d3N"},"content":{"rendered":"\n<p style=\"font-size:27px\">Contacte con nosotros para obtener m\u00e1s informaci\u00f3n<\/p>\n\n\n\n<p><\/p>\n\n\n\n<p style=\"font-size:27px\">Tel\u00e9fonos: <\/p>\n\n\n\n<ul style=\"font-size:27px\"><li>+(34) 629 619 849\u00a0\u00a0<\/li><li>+(34) 608 975 424 <\/li><li>+(34) 968 249 040<\/li><\/ul>\n\n\n\n<p><\/p>\n","protected":false},"excerpt":{"rendered":"<p>Contacte con nosotros para obtener m\u00e1s informaci\u00f3n Tel\u00e9fonos: +(34) 629 619 849\u00a0\u00a0 +(34) 608 975 424 +(34) 968 249 040<\/p>\n","protected":false},"author":1,"featured_media":278,"parent":0,"menu_order":0,"comment_status":"closed","ping_status":"closed","template":"template-home.php","meta":[],"_links":{"self":[{"href":"https:\/\/mipatrimoniofamiliar.com\/index.php?rest_route=\/wp\/v2\/pages\/222"}],"collection":[{"href":"https:\/\/mipatrimoniofamiliar.com\/index.php?rest_route=\/wp\/v2\/pages"}],"about":[{"href":"https:\/\/mipatrimoniofamiliar.com\/index.php?rest_route=\/wp\/v2\/types\/page"}],"author":[{"embeddable":true,"href":"https:\/\/mipatrimoniofamiliar.com\/index.php?rest_route=\/wp\/v2\/users\/1"}],"replies":[{"embeddable":true,"href":"https:\/\/mipatrimoniofamiliar.com\/index.php?rest_route=%2Fwp%2Fv2%2Fcomments&post=222"}],"version-history":[{"count":9,"href":"https:\/\/mipatrimoniofamiliar.com\/index.php?rest_route=\/wp\/v2\/pages\/222\/revisions"}],"predecessor-version":[{"id":289,"href":"https:\/\/mipatrimoniofamiliar.com\/index.php?rest_route=\/wp\/v2\/pages\/222\/revisions\/289"}],"wp:featuredmedia":[{"embeddable":true,"href":"https:\/\/mipatrimoniofamiliar.com\/index.php?rest_route=\/wp\/v2\/media\/278"}],"wp:attachment":[{"href":"https:\/\/mipatrimoniofamiliar.com\/index.php?rest_route=%2Fwp%2Fv2%2Fmedia&parent=222"}],"curies":[{"name":"wp","href":"https:\/\/api.w.org\/{rel}","templated":true}]}}